{"id":12119,"date":"2025-09-09T11:01:41","date_gmt":"2025-09-09T11:01:41","guid":{"rendered":"https:\/\/rock-group.co.uk\/kontaktieren-sie-uns\/"},"modified":"2026-01-23T05:53:16","modified_gmt":"2026-01-23T05:53:16","slug":"kontaktieren-sie-uns","status":"publish","type":"page","link":"https:\/\/rock-group.co.uk\/de\/kontaktieren-sie-uns\/","title":{"rendered":"Kontaktieren Sie uns"},"content":{"rendered":"\t\t<div data-elementor-type=\"wp-page\" data-elementor-id=\"12119\" class=\"elementor elementor-12119 elementor-501\" data-elementor-post-type=\"page\">\n\t\t\t\t<div class=\"elementor-element elementor-element-a56840f e-flex e-con-boxed e-con e-parent\" data-id=\"a56840f\" data-element_type=\"container\" data-settings=\"{&quot;background_background&quot;:&quot;classic&quot;}\">\n\t\t\t\t\t<div class=\"e-con-inner\">\n\t\t\t\t<div class=\"elementor-element elementor-element-cb9b70e elementor-widget elementor-widget-heading\" data-id=\"cb9b70e\" data-element_type=\"widget\" data-widget_type=\"heading.default\">\n\t\t\t\t\t<h1 class=\"elementor-heading-title elementor-size-default\">Lassen Sie uns in Kontakt treten<\/h1>\t\t\t\t<\/div>\n\t\t\t\t<div class=\"elementor-element elementor-element-a1ee643 elementor-widget__width-initial elementor-widget-mobile__width-inherit elementor-widget elementor-widget-text-editor\" data-id=\"a1ee643\" data-element_type=\"widget\" data-widget_type=\"text-editor.default\">\n\t\t\t\t\t\t\t\t\t<p>Ob Sie eine Beh\u00f6rde, ein Betreiber, ein Investor oder ein Partner sind \u2013 wir sind hier, um Ihnen zu helfen.<\/p>\t\t\t\t\t\t\t\t<\/div>\n\t\t\t\t<div class=\"elementor-element elementor-element-9f20d05 elementor-shape-square contact-social elementor-grid-0 e-grid-align-center elementor-widget elementor-widget-social-icons\" data-id=\"9f20d05\" data-element_type=\"widget\" data-widget_type=\"social-icons.default\">\n\t\t\t\t\t\t\t<div class=\"elementor-social-icons-wrapper elementor-grid\">\n\t\t\t\t\t\t\t<span class=\"elementor-grid-item\">\n\t\t\t\t\t<a class=\"elementor-icon elementor-social-icon elementor-social-icon- elementor-repeater-item-13926cd\" href=\"https:\/\/www.linkedin.com\/company\/rock-group-rail\/?viewAsMember=true\" target=\"_blank\" rel=\"nofollow noopener\">\n\t\t\t\t\t\t<span class=\"elementor-screen-only\"><\/span>\n\t\t\t\t\t\t<svg xmlns=\"http:\/\/www.w3.org\/2000\/svg\" width=\"24\" height=\"24\" viewBox=\"0 0 24 24\" fill=\"none\"><g clip-path=\"url(#clip0_20403_2283)\"><path d=\"M7.50037 19.8281H4.21912V9.23438H7.50037V19.8281ZM7.82776 5.85919C7.82776 4.79846 6.96716 3.9375 5.90698 3.9375C4.84277 3.9375 3.98438 4.79846 3.98438 5.85919C3.98438 6.92029 4.84277 7.78125 5.90698 7.78125C6.96716 7.78125 7.82776 6.92029 7.82776 5.85919ZM19.7812 13.9999C19.7812 11.1561 19.1805 9.04688 15.8584 9.04688C14.2621 9.04688 13.1906 9.84521 12.7531 10.6754H12.75V9.23438H9.5625V19.8281H12.75V14.5682C12.75 13.1907 13.1006 11.8563 14.8081 11.8563C16.4923 11.8563 16.5469 13.4315 16.5469 14.6558V19.8281H19.7812V13.9999ZM24 21.1875V2.8125C24 1.2616 22.7384 0 21.1875 0H2.8125C1.2616 0 0 1.2616 0 2.8125V21.1875C0 22.7384 1.2616 24 2.8125 24H21.1875C22.7384 24 24 22.7384 24 21.1875ZM21.1875 1.875C21.7044 1.875 22.125 2.29559 22.125 2.8125V21.1875C22.125 21.7044 21.7044 22.125 21.1875 22.125H2.8125C2.29559 22.125 1.875 21.7044 1.875 21.1875V2.8125C1.875 2.29559 2.29559 1.875 2.8125 1.875H21.1875Z\" fill=\"#54819B\"><\/path><\/g><defs><clipPath id=\"clip0_20403_2283\"><rect width=\"24\" height=\"24\" fill=\"white\"><\/rect><\/clipPath><\/defs><\/svg>\t\t\t\t\t<\/a>\n\t\t\t\t<\/span>\n\t\t\t\t\t<\/div>\n\t\t\t\t\t\t<\/div>\n\t\t\t\t\t<\/div>\n\t\t\t\t<\/div>\n\t\t<div class=\"elementor-element elementor-element-4e213c2 e-flex e-con-boxed e-con e-parent\" data-id=\"4e213c2\" data-element_type=\"container\">\n\t\t\t\t\t<div class=\"e-con-inner\">\n\t\t<div class=\"elementor-element elementor-element-8229e1b e-con-full e-flex e-con e-child\" data-id=\"8229e1b\" data-element_type=\"container\">\n\t\t<div class=\"elementor-element elementor-element-413e24a e-con-full e-flex e-con e-child\" data-id=\"413e24a\" data-element_type=\"container\">\n\t\t<div class=\"elementor-element elementor-element-27e1342 e-con-full e-flex e-con e-child\" data-id=\"27e1342\" data-element_type=\"container\">\n\t\t<div class=\"elementor-element elementor-element-f939620 e-con-full e-flex e-con e-child\" data-id=\"f939620\" data-element_type=\"container\">\n\t\t<div class=\"elementor-element elementor-element-def6b43 e-con-full e-flex e-con e-child\" data-id=\"def6b43\" data-element_type=\"container\">\n\t\t\t\t<div class=\"elementor-element elementor-element-c89ed01 elementor-widget elementor-widget-heading\" data-id=\"c89ed01\" data-element_type=\"widget\" data-widget_type=\"heading.default\">\n\t\t\t\t\t<h4 class=\"elementor-heading-title elementor-size-default\">B\u00fcro London<\/h4>\t\t\t\t<\/div>\n\t\t\t\t<div class=\"elementor-element elementor-element-9f2c874 elementor-widget elementor-widget-heading\" data-id=\"9f2c874\" data-element_type=\"widget\" data-widget_type=\"heading.default\">\n\t\t\t\t\t<h5 class=\"elementor-heading-title elementor-size-default\">Rock Rail Holdings Limited<\/h5>\t\t\t\t<\/div>\n\t\t\t\t<div class=\"elementor-element elementor-element-34c4576 elementor-widget__width-inherit elementor-widget-mobile__width-inherit elementor-widget elementor-widget-text-editor\" data-id=\"34c4576\" data-element_type=\"widget\" data-widget_type=\"text-editor.default\">\n\t\t\t\t\t\t\t\t\t<p>Capital Tower, <br>91 Waterloo Rd, London,\u2028SE1 8RT, Vereinigtes K\u00f6nigreich<\/p>\t\t\t\t\t\t\t\t<\/div>\n\t\t\t\t<\/div>\n\t\t<div class=\"elementor-element elementor-element-1ceb744 e-con-full e-flex e-con e-child\" data-id=\"1ceb744\" data-element_type=\"container\">\n\t\t\t\t<div class=\"elementor-element elementor-element-008c325 elementor-widget elementor-widget-image\" data-id=\"008c325\" data-element_type=\"widget\" data-widget_type=\"image.default\">\n\t\t\t\t\t\t\t\t\t\t\t\t\t\t\t<img fetchpriority=\"high\" decoding=\"async\" width=\"261\" height=\"193\" src=\"https:\/\/rock-group.co.uk\/wp-content\/uploads\/2026\/01\/London-office.jpg\" class=\"attachment-full size-full wp-image-12126\" alt=\"\" \/>\t\t\t\t\t\t\t\t\t\t\t\t\t\t\t<\/div>\n\t\t\t\t<\/div>\n\t\t\t\t<\/div>\n\t\t<div class=\"elementor-element elementor-element-89156eb e-flex e-con-boxed e-con e-child\" data-id=\"89156eb\" data-element_type=\"container\">\n\t\t\t\t\t<div class=\"e-con-inner\">\n\t\t\t\t<div class=\"elementor-element elementor-element-841490e elementor-icon-list--layout-traditional elementor-list-item-link-full_width elementor-widget elementor-widget-icon-list\" data-id=\"841490e\" data-element_type=\"widget\" data-widget_type=\"icon-list.default\">\n\t\t\t\t\t\t\t<ul class=\"elementor-icon-list-items\">\n\t\t\t\t\t\t\t<li class=\"elementor-icon-list-item\">\n\t\t\t\t\t\t\t\t\t\t\t<a href=\"mailto:&#039;london@rockrail.com&#039;\">\n\n\t\t\t\t\t\t\t\t\t\t\t\t<span class=\"elementor-icon-list-icon\">\n\t\t\t\t\t\t\t<svg xmlns=\"http:\/\/www.w3.org\/2000\/svg\" width=\"38\" height=\"38\" viewBox=\"0 0 38 38\" fill=\"none\"><path d=\"M19 0.5C29.2173 0.5 37.5 8.78273 37.5 19C37.5 29.2173 29.2173 37.5 19 37.5C8.78273 37.5 0.5 29.2173 0.5 19C0.5 8.78273 8.78273 0.5 19 0.5Z\" fill=\"#F2F4F7\"><\/path><path d=\"M19 0.5C29.2173 0.5 37.5 8.78273 37.5 19C37.5 29.2173 29.2173 37.5 19 37.5C8.78273 37.5 0.5 29.2173 0.5 19C0.5 8.78273 8.78273 0.5 19 0.5Z\" stroke=\"#EAECF0\"><\/path><path d=\"M12.3346 12.3334H25.668C26.5885 12.3334 27.3346 13.0796 27.3346 14V24C27.3346 24.9205 26.5885 25.6667 25.668 25.6667H12.3346C11.4142 25.6667 10.668 24.9205 10.668 24V14C10.668 13.0796 11.4142 12.3334 12.3346 12.3334Z\" stroke=\"#00436A\" stroke-width=\"1.25\" stroke-linejoin=\"round\"><\/path><path d=\"M27.3346 14.8334L19.7466 18.6274C19.2775 18.862 18.7251 18.862 18.256 18.6274L10.668 14.8334\" stroke=\"#00436A\" stroke-width=\"1.25\" stroke-linejoin=\"round\"><\/path><\/svg>\t\t\t\t\t\t<\/span>\n\t\t\t\t\t\t\t\t\t\t<span class=\"elementor-icon-list-text\">london@rockrail.com<\/span>\n\t\t\t\t\t\t\t\t\t\t\t<\/a>\n\t\t\t\t\t\t\t\t\t<\/li>\n\t\t\t\t\t\t<\/ul>\n\t\t\t\t\t\t<\/div>\n\t\t\t\t<div class=\"elementor-element elementor-element-fd80dd3 elementor-icon-list--layout-traditional elementor-list-item-link-full_width elementor-widget elementor-widget-icon-list\" data-id=\"fd80dd3\" data-element_type=\"widget\" data-widget_type=\"icon-list.default\">\n\t\t\t\t\t\t\t<ul class=\"elementor-icon-list-items\">\n\t\t\t\t\t\t\t<li class=\"elementor-icon-list-item\">\n\t\t\t\t\t\t\t\t\t\t\t<a href=\"\">\n\n\t\t\t\t\t\t\t\t\t\t\t\t<span class=\"elementor-icon-list-icon\">\n\t\t\t\t\t\t\t<svg xmlns=\"http:\/\/www.w3.org\/2000\/svg\" width=\"38\" height=\"38\" viewBox=\"0 0 38 38\" fill=\"none\"><path d=\"M19 0.5C29.2173 0.5 37.5 8.78273 37.5 19C37.5 29.2173 29.2173 37.5 19 37.5C8.78273 37.5 0.5 29.2173 0.5 19C0.5 8.78273 8.78273 0.5 19 0.5Z\" fill=\"#F2F4F7\"><\/path><path d=\"M19 0.5C29.2173 0.5 37.5 8.78273 37.5 19C37.5 29.2173 29.2173 37.5 19 37.5C8.78273 37.5 0.5 29.2173 0.5 19C0.5 8.78273 8.78273 0.5 19 0.5Z\" stroke=\"#EAECF0\"><\/path><path d=\"M12.3354 19L15.244 16.0914C15.4977 15.8377 15.5605 15.4503 15.4001 15.1294L13.6858 11.7008C13.4314 11.192 12.7534 11.082 12.3512 11.4842L11.1569 12.6785C10.8443 12.9911 10.6641 13.4155 10.6853 13.857C11.0343 21.1317 16.8704 26.9677 24.1451 27.3168C24.5866 27.338 25.011 27.1577 25.3236 26.8452L26.5178 25.6509C26.9201 25.2487 26.81 24.5707 26.3012 24.3162L22.8727 22.6019C22.5518 22.4415 22.1643 22.5044 21.9107 22.7581L19.0021 25.6667\" stroke=\"#00436A\" stroke-width=\"1.25\" stroke-linecap=\"round\" stroke-linejoin=\"round\"><\/path><\/svg>\t\t\t\t\t\t<\/span>\n\t\t\t\t\t\t\t\t\t\t<span class=\"elementor-icon-list-text\">+44 (0)203 170 0870<\/span>\n\t\t\t\t\t\t\t\t\t\t\t<\/a>\n\t\t\t\t\t\t\t\t\t<\/li>\n\t\t\t\t\t\t<\/ul>\n\t\t\t\t\t\t<\/div>\n\t\t\t\t\t<\/div>\n\t\t\t\t<\/div>\n\t\t\t\t<\/div>\n\t\t<div class=\"elementor-element elementor-element-ead942c e-con-full e-flex e-con e-child\" data-id=\"ead942c\" data-element_type=\"container\">\n\t\t<div class=\"elementor-element elementor-element-241df9e e-con-full e-flex e-con e-child\" data-id=\"241df9e\" data-element_type=\"container\">\n\t\t<div class=\"elementor-element elementor-element-ef969fc e-con-full e-flex e-con e-child\" data-id=\"ef969fc\" data-element_type=\"container\">\n\t\t\t\t<div class=\"elementor-element elementor-element-1ff94a6 elementor-widget elementor-widget-heading\" data-id=\"1ff94a6\" data-element_type=\"widget\" data-widget_type=\"heading.default\">\n\t\t\t\t\t<h4 class=\"elementor-heading-title elementor-size-default\">B\u00fcro Berlin<\/h4>\t\t\t\t<\/div>\n\t\t\t\t<div class=\"elementor-element elementor-element-1b5497d elementor-widget elementor-widget-heading\" data-id=\"1b5497d\" data-element_type=\"widget\" data-widget_type=\"heading.default\">\n\t\t\t\t\t<h5 class=\"elementor-heading-title elementor-size-default\">Rock Rail Germany GmbH<\/h5>\t\t\t\t<\/div>\n\t\t\t\t<div class=\"elementor-element elementor-element-063f500 elementor-widget__width-inherit elementor-widget-mobile__width-inherit elementor-widget elementor-widget-text-editor\" data-id=\"063f500\" data-element_type=\"widget\" data-widget_type=\"text-editor.default\">\n\t\t\t\t\t\t\t\t\t<p>Reinhardtstra\u00dfe 31,\u202810117 Berlin, Deutschland<\/p>\t\t\t\t\t\t\t\t<\/div>\n\t\t\t\t<\/div>\n\t\t<div class=\"elementor-element elementor-element-ce6a008 e-con-full e-flex e-con e-child\" data-id=\"ce6a008\" data-element_type=\"container\">\n\t\t\t\t<div class=\"elementor-element elementor-element-5e2ee27 elementor-widget elementor-widget-image\" data-id=\"5e2ee27\" data-element_type=\"widget\" data-widget_type=\"image.default\">\n\t\t\t\t\t\t\t\t\t\t\t\t\t\t\t<img decoding=\"async\" width=\"1000\" height=\"667\" src=\"https:\/\/rock-group.co.uk\/wp-content\/uploads\/2026\/01\/Berlin-office.jpg\" class=\"attachment-full size-full wp-image-12127\" alt=\"\" srcset=\"https:\/\/rock-group.co.uk\/wp-content\/uploads\/2026\/01\/Berlin-office.jpg 1000w, https:\/\/rock-group.co.uk\/wp-content\/uploads\/2026\/01\/Berlin-office-300x200.jpg 300w, https:\/\/rock-group.co.uk\/wp-content\/uploads\/2026\/01\/Berlin-office-768x512.jpg 768w\" sizes=\"(max-width: 1000px) 100vw, 1000px\" \/>\t\t\t\t\t\t\t\t\t\t\t\t\t\t\t<\/div>\n\t\t\t\t<\/div>\n\t\t\t\t<\/div>\n\t\t<div class=\"elementor-element elementor-element-1afb920 e-con-full e-flex e-con e-child\" data-id=\"1afb920\" data-element_type=\"container\">\n\t\t\t\t<div class=\"elementor-element elementor-element-977d311 elementor-icon-list--layout-traditional elementor-list-item-link-full_width elementor-widget elementor-widget-icon-list\" data-id=\"977d311\" data-element_type=\"widget\" data-widget_type=\"icon-list.default\">\n\t\t\t\t\t\t\t<ul class=\"elementor-icon-list-items\">\n\t\t\t\t\t\t\t<li class=\"elementor-icon-list-item\">\n\t\t\t\t\t\t\t\t\t\t\t<a href=\"mailto:berlin@rockrail.com\">\n\n\t\t\t\t\t\t\t\t\t\t\t\t<span class=\"elementor-icon-list-icon\">\n\t\t\t\t\t\t\t<svg xmlns=\"http:\/\/www.w3.org\/2000\/svg\" width=\"38\" height=\"38\" viewBox=\"0 0 38 38\" fill=\"none\"><path d=\"M19 0.5C29.2173 0.5 37.5 8.78273 37.5 19C37.5 29.2173 29.2173 37.5 19 37.5C8.78273 37.5 0.5 29.2173 0.5 19C0.5 8.78273 8.78273 0.5 19 0.5Z\" fill=\"#F2F4F7\"><\/path><path d=\"M19 0.5C29.2173 0.5 37.5 8.78273 37.5 19C37.5 29.2173 29.2173 37.5 19 37.5C8.78273 37.5 0.5 29.2173 0.5 19C0.5 8.78273 8.78273 0.5 19 0.5Z\" stroke=\"#EAECF0\"><\/path><path d=\"M12.3346 12.3334H25.668C26.5885 12.3334 27.3346 13.0796 27.3346 14V24C27.3346 24.9205 26.5885 25.6667 25.668 25.6667H12.3346C11.4142 25.6667 10.668 24.9205 10.668 24V14C10.668 13.0796 11.4142 12.3334 12.3346 12.3334Z\" stroke=\"#00436A\" stroke-width=\"1.25\" stroke-linejoin=\"round\"><\/path><path d=\"M27.3346 14.8334L19.7466 18.6274C19.2775 18.862 18.7251 18.862 18.256 18.6274L10.668 14.8334\" stroke=\"#00436A\" stroke-width=\"1.25\" stroke-linejoin=\"round\"><\/path><\/svg>\t\t\t\t\t\t<\/span>\n\t\t\t\t\t\t\t\t\t\t<span class=\"elementor-icon-list-text\">berlin@rockrail.com<\/span>\n\t\t\t\t\t\t\t\t\t\t\t<\/a>\n\t\t\t\t\t\t\t\t\t<\/li>\n\t\t\t\t\t\t<\/ul>\n\t\t\t\t\t\t<\/div>\n\t\t\t\t<\/div>\n\t\t\t\t<\/div>\n\t\t\t\t<\/div>\n\t\t<div class=\"elementor-element elementor-element-0037a87 e-con-full e-flex e-con e-child\" data-id=\"0037a87\" data-element_type=\"container\">\n\t\t<div class=\"elementor-element elementor-element-9359875 e-con-full contact-shadow e-flex e-con e-child\" data-id=\"9359875\" data-element_type=\"container\" data-settings=\"{&quot;background_background&quot;:&quot;classic&quot;}\">\n\t\t\t\t<div class=\"elementor-element elementor-element-17aafaa elementor-widget elementor-widget-heading\" data-id=\"17aafaa\" data-element_type=\"widget\" data-widget_type=\"heading.default\">\n\t\t\t\t\t<h3 class=\"elementor-heading-title elementor-size-default\">Senden Sie uns eine Nachricht<\/h3>\t\t\t\t<\/div>\n\t\t\t\t<div class=\"elementor-element elementor-element-6fb85a1 elementor-widget elementor-widget-text-editor\" data-id=\"6fb85a1\" data-element_type=\"widget\" data-widget_type=\"text-editor.default\">\n\t\t\t\t\t\t\t\t\t<p>Wir antworten in der Regel innerhalb eines Werktages.<\/p>\t\t\t\t\t\t\t\t<\/div>\n\t\t\t\t<div class=\"elementor-element elementor-element-4f96c5d contact-form elementor-widget elementor-widget-shortcode\" data-id=\"4f96c5d\" data-element_type=\"widget\" data-widget_type=\"shortcode.default\">\n\t\t\t\t\t\t\t<div class=\"elementor-shortcode\">\n<div class=\"wpcf7 no-js\" id=\"wpcf7-f12114-o1\" lang=\"de-DE\" dir=\"ltr\" data-wpcf7-id=\"12114\">\n<div class=\"screen-reader-response\"><p role=\"status\" aria-live=\"polite\" aria-atomic=\"true\"><\/p> <ul><\/ul><\/div>\n<form action=\"\/de\/wp-json\/wp\/v2\/pages\/12119#wpcf7-f12114-o1\" method=\"post\" class=\"wpcf7-form init\" aria-label=\"Kontaktformular\" novalidate=\"novalidate\" data-status=\"init\">\n<fieldset class=\"hidden-fields-container\"><input type=\"hidden\" name=\"_wpcf7\" value=\"12114\" \/><input type=\"hidden\" name=\"_wpcf7_version\" value=\"6.1.4\" \/><input type=\"hidden\" name=\"_wpcf7_locale\" value=\"de_DE\" \/><input type=\"hidden\" name=\"_wpcf7_unit_tag\" value=\"wpcf7-f12114-o1\" \/><input type=\"hidden\" name=\"_wpcf7_container_post\" value=\"0\" \/><input type=\"hidden\" name=\"_wpcf7_posted_data_hash\" value=\"\" \/><input type=\"hidden\" name=\"_wpcf7_recaptcha_response\" value=\"\" \/>\n<\/fieldset>\n<p><span class=\"wpcf7-form-control-wrap\" data-name=\"cf-name\"><input size=\"40\" maxlength=\"400\" class=\"wpcf7-form-control wpcf7-text wpcf7-validates-as-required\" autocomplete=\"name\" aria-required=\"true\" aria-invalid=\"false\" placeholder=\"Vollst\u00e4ndiger Name\" value=\"\" type=\"text\" name=\"cf-name\" \/><\/span><br \/>\n<span class=\"wpcf7-form-control-wrap\" data-name=\"cf-email\"><input size=\"40\" maxlength=\"400\" class=\"wpcf7-form-control wpcf7-email wpcf7-validates-as-required wpcf7-text wpcf7-validates-as-email\" autocomplete=\"email\" aria-required=\"true\" aria-invalid=\"false\" placeholder=\"E-Mail\" value=\"\" type=\"email\" name=\"cf-email\" \/><\/span><br \/>\n<span class=\"wpcf7-form-control-wrap\" data-name=\"cf-company\"><input size=\"40\" maxlength=\"400\" class=\"wpcf7-form-control wpcf7-text\" aria-invalid=\"false\" placeholder=\"Firma\" value=\"\" type=\"text\" name=\"cf-company\" \/><\/span><br \/>\n<span class=\"wpcf7-form-control-wrap\" data-name=\"cf-message\"><textarea cols=\"40\" rows=\"10\" maxlength=\"2000\" class=\"wpcf7-form-control wpcf7-textarea\" aria-invalid=\"false\" placeholder=\"Nachricht\" name=\"cf-message\"><\/textarea><\/span><br \/>\n<button type=\"submit\" class=\"wpcf7-submit\">Nachricht senden <svg xmlns=\"http:\/\/www.w3.org\/2000\/svg\" width=\"20\" height=\"20\" viewbox=\"0 0 20 20\" fill=\"none\"> <path d=\"M3.33203 10H16.6654M16.6654 10L11.6654 5M16.6654 10L11.6654 15\" stroke=\"white\" stroke-width=\"1.5\" stroke-linecap=\"round\" stroke-linejoin=\"round\"><\/path> <\/svg><br \/>\n<\/button>\n<\/p><div class=\"wpcf7-response-output\" aria-hidden=\"true\"><\/div>\n<\/form>\n<\/div>\n<\/div>\n\t\t\t\t\t\t<\/div>\n\t\t\t\t<\/div>\n\t\t\t\t<\/div>\n\t\t\t\t<\/div>\n\t\t\t\t\t<\/div>\n\t\t\t\t<\/div>\n\t\t<div class=\"elementor-element elementor-element-8202311 e-flex e-con-boxed e-con e-parent\" data-id=\"8202311\" data-element_type=\"container\" data-settings=\"{&quot;background_background&quot;:&quot;classic&quot;}\">\n\t\t\t\t\t<div class=\"e-con-inner\">\n\t\t<div class=\"elementor-element elementor-element-4e4c9a4 e-con-full e-flex e-con e-child\" data-id=\"4e4c9a4\" data-element_type=\"container\">\n\t\t\t\t<div class=\"elementor-element elementor-element-b03d4ef elementor-widget elementor-widget-google_maps\" data-id=\"b03d4ef\" data-element_type=\"widget\" data-widget_type=\"google_maps.default\">\n\t\t\t\t\t\t\t<div class=\"elementor-custom-embed\">\n\t\t\t<iframe loading=\"lazy\"\n\t\t\t\t\tsrc=\"https:\/\/maps.google.com\/maps?q=Capital%20Tower%2C%2091%20Waterloo%20Rd%2C%20London%2C%E2%80%A8SE1%208RT%2C%20United%20Kingdom&#038;t=m&#038;z=10&#038;output=embed&#038;iwloc=near\"\n\t\t\t\t\ttitle=\"Capital Tower, 91 Waterloo Rd, London,\u2028SE1 8RT, United Kingdom\"\n\t\t\t\t\taria-label=\"Capital Tower, 91 Waterloo Rd, London,\u2028SE1 8RT, United Kingdom\"\n\t\t\t><\/iframe>\n\t\t<\/div>\n\t\t\t\t\t\t<\/div>\n\t\t\t\t<\/div>\n\t\t<div class=\"elementor-element elementor-element-3c83409 e-con-full e-flex e-con e-child\" data-id=\"3c83409\" data-element_type=\"container\">\n\t\t\t\t<div class=\"elementor-element elementor-element-66f0d42 elementor-widget elementor-widget-google_maps\" data-id=\"66f0d42\" data-element_type=\"widget\" data-widget_type=\"google_maps.default\">\n\t\t\t\t\t\t\t<div class=\"elementor-custom-embed\">\n\t\t\t<iframe loading=\"lazy\"\n\t\t\t\t\tsrc=\"https:\/\/maps.google.com\/maps?q=Reinhardtstra%C3%9Fe%2031%2C%E2%80%A810117%20Berlin%2C%20Germany&#038;t=m&#038;z=10&#038;output=embed&#038;iwloc=near\"\n\t\t\t\t\ttitle=\"Reinhardtstra\u00dfe 31,\u202810117 Berlin, Germany\"\n\t\t\t\t\taria-label=\"Reinhardtstra\u00dfe 31,\u202810117 Berlin, Germany\"\n\t\t\t><\/iframe>\n\t\t<\/div>\n\t\t\t\t\t\t<\/div>\n\t\t\t\t<\/div>\n\t\t\t\t\t<\/div>\n\t\t\t\t<\/div>\n\t\t\t\t<\/div>\n\t\t","protected":false},"excerpt":{"rendered":"<p>Lassen Sie uns in Kontakt treten Ob Sie eine Beh\u00f6rde, ein Betreiber, ein Investor oder ein Partner sind \u2013 wir sind hier, um Ihnen zu helfen. \u00a0 B\u00fcro London Rock Rail Holdings Limited Capital Tower, 91 Waterloo Rd, London,\u2028SE1 8RT, Vereinigtes K\u00f6nigreich london@rockrail.com +44 (0)203 170 0870 B\u00fcro Berlin Rock Rail Germany GmbH Reinhardtstra\u00dfe 31,\u202810117 [&hellip;]<\/p>\n","protected":false},"author":1,"featured_media":0,"parent":0,"menu_order":0,"comment_status":"closed","ping_status":"closed","template":"","meta":{"_acf_changed":false,"footnotes":""},"class_list":["post-12119","page","type-page","status-publish","hentry"],"acf":[],"_links":{"self":[{"href":"https:\/\/rock-group.co.uk\/de\/wp-json\/wp\/v2\/pages\/12119","targetHints":{"allow":["GET"]}}],"collection":[{"href":"https:\/\/rock-group.co.uk\/de\/wp-json\/wp\/v2\/pages"}],"about":[{"href":"https:\/\/rock-group.co.uk\/de\/wp-json\/wp\/v2\/types\/page"}],"author":[{"embeddable":true,"href":"https:\/\/rock-group.co.uk\/de\/wp-json\/wp\/v2\/users\/1"}],"replies":[{"embeddable":true,"href":"https:\/\/rock-group.co.uk\/de\/wp-json\/wp\/v2\/comments?post=12119"}],"version-history":[{"count":3,"href":"https:\/\/rock-group.co.uk\/de\/wp-json\/wp\/v2\/pages\/12119\/revisions"}],"predecessor-version":[{"id":12304,"href":"https:\/\/rock-group.co.uk\/de\/wp-json\/wp\/v2\/pages\/12119\/revisions\/12304"}],"wp:attachment":[{"href":"https:\/\/rock-group.co.uk\/de\/wp-json\/wp\/v2\/media?parent=12119"}],"curies":[{"name":"wp","href":"https:\/\/api.w.org\/{rel}","templated":true}]}}