{"id":12073,"date":"2025-09-01T05:48:14","date_gmt":"2025-09-01T05:48:14","guid":{"rendered":"https:\/\/rock-group.co.uk\/datenschutzrichtlinie\/"},"modified":"2026-01-23T05:54:04","modified_gmt":"2026-01-23T05:54:04","slug":"datenschutzrichtlinie","status":"publish","type":"page","link":"https:\/\/rock-group.co.uk\/de\/datenschutzrichtlinie\/","title":{"rendered":"Datenschutzrichtlinie"},"content":{"rendered":"\t\t<div data-elementor-type=\"wp-page\" data-elementor-id=\"12073\" class=\"elementor elementor-12073 elementor-3\" data-elementor-post-type=\"page\">\n\t\t\t\t<div class=\"elementor-element elementor-element-0ce5bb2 e-flex e-con-boxed e-con e-parent\" data-id=\"0ce5bb2\" data-element_type=\"container\" data-settings=\"{&quot;background_background&quot;:&quot;classic&quot;}\">\n\t\t\t\t\t<div class=\"e-con-inner\">\n\t\t\t\t<div class=\"elementor-element elementor-element-a73aa81 elementor-widget elementor-widget-heading\" data-id=\"a73aa81\" data-element_type=\"widget\" data-widget_type=\"heading.default\">\n\t\t\t\t\t<h1 class=\"elementor-heading-title elementor-size-default\">Datenschutzrichtlinie<\/h1>\t\t\t\t<\/div>\n\t\t\t\t<div class=\"elementor-element elementor-element-dc49d4e elementor-widget-mobile__width-inherit elementor-widget elementor-widget-text-editor\" data-id=\"dc49d4e\" data-element_type=\"widget\" data-widget_type=\"text-editor.default\">\n\t\t\t\t\t\t\t\t\tG\u00fcltigkeitsdatum: 19. November 2024\t\t\t\t\t\t\t\t<\/div>\n\t\t\t\t\t<\/div>\n\t\t\t\t<\/div>\n\t\t<div class=\"elementor-element elementor-element-0206cab e-flex e-con-boxed e-con e-parent\" data-id=\"0206cab\" data-element_type=\"container\">\n\t\t\t\t\t<div class=\"e-con-inner\">\n\t\t\t\t<div class=\"elementor-element elementor-element-0d15c0a elementor-widget elementor-widget-text-editor\" data-id=\"0d15c0a\" data-element_type=\"widget\" data-widget_type=\"text-editor.default\">\n\t\t\t\t\t\t\t\t\t<p>Ihre Privatsph\u00e4re ist uns wichtig. Es ist die Politik von Rock Rail Holdings LTD, Ihre Privatsph\u00e4re in Bezug auf alle Informationen zu respektieren, die wir von Ihnen \u00fcber unsere Website, <a href=\"https:\/\/rock-group.co.uk\/\" target=\"_blank\" rel=\"noopener\">https:\/\/rockrail.com<\/a>, und andere Websites, die wir besitzen und betreiben, erfassen.<\/p><p>Wir bitten nur dann um pers\u00f6nliche Informationen, wenn wir diese wirklich ben\u00f6tigen, um Ihnen eine Dienstleistung zu erbringen. Wir erfassen diese mit fairen und rechtm\u00e4\u00dfigen Mitteln, mit Ihrem Wissen und Ihrer Zustimmung. Wir teilen Ihnen auch mit, warum wir diese erfassen und wie sie verwendet werden.<\/p><p>Wir speichern erfasste Informationen nur so lange, wie es notwendig ist, um Ihnen die von Ihnen angeforderte Dienstleistung zu erbringen. Die von uns gespeicherten Daten sch\u00fctzen wir im Rahmen wirtschaftlich akzeptabler Mittel, um Verlust und Diebstahl sowie unbefugten Zugriff, Offenlegung, Vervielf\u00e4ltigung, Nutzung oder \u00c4nderung zu verhindern.<\/p><p>Wir geben keine personenbezogenen Daten \u00f6ffentlich oder an Dritte weiter, es sei denn, dies ist gesetzlich vorgeschrieben.<\/p><p>Unsere Website kann Links zu externen Websites enthalten, die nicht von uns betrieben werden. Bitte beachten Sie, dass wir keine Kontrolle \u00fcber den Inhalt und die Praktiken dieser Websites haben und keine Verantwortung oder Haftung f\u00fcr deren jeweilige Datenschutzrichtlinien \u00fcbernehmen k\u00f6nnen.<\/p><p>Es steht Ihnen frei, unsere Anfrage nach Ihren pers\u00f6nlichen Informationen abzulehnen, mit dem Verst\u00e4ndnis, dass wir Ihnen m\u00f6glicherweise einige Ihrer gew\u00fcnschten Dienstleistungen nicht anbieten k\u00f6nnen.<\/p><p>Ihre fortgesetzte Nutzung unserer Website wird als Akzeptanz unserer Praktiken in Bezug auf Datenschutz und pers\u00f6nliche Informationen angesehen. Wenn Sie Fragen zum Umgang mit Benutzerdaten und pers\u00f6nlichen Informationen haben, k\u00f6nnen Sie sich gerne an uns wenden.<\/p>\t\t\t\t\t\t\t\t<\/div>\n\t\t\t\t\t<\/div>\n\t\t\t\t<\/div>\n\t\t\t\t<\/div>\n\t\t","protected":false},"excerpt":{"rendered":"<p>Datenschutzrichtlinie G\u00fcltigkeitsdatum: 19. November 2024 Ihre Privatsph\u00e4re ist uns wichtig. Es ist die Politik von Rock Rail Holdings LTD, Ihre Privatsph\u00e4re in Bezug auf alle Informationen zu respektieren, die wir von Ihnen \u00fcber unsere Website, https:\/\/rockrail.com, und andere Websites, die wir besitzen und betreiben, erfassen. Wir bitten nur dann um pers\u00f6nliche Informationen, wenn wir diese [&hellip;]<\/p>\n","protected":false},"author":1,"featured_media":0,"parent":0,"menu_order":0,"comment_status":"closed","ping_status":"open","template":"","meta":{"_acf_changed":false,"footnotes":""},"class_list":["post-12073","page","type-page","status-publish","hentry"],"acf":[],"_links":{"self":[{"href":"https:\/\/rock-group.co.uk\/de\/wp-json\/wp\/v2\/pages\/12073","targetHints":{"allow":["GET"]}}],"collection":[{"href":"https:\/\/rock-group.co.uk\/de\/wp-json\/wp\/v2\/pages"}],"about":[{"href":"https:\/\/rock-group.co.uk\/de\/wp-json\/wp\/v2\/types\/page"}],"author":[{"embeddable":true,"href":"https:\/\/rock-group.co.uk\/de\/wp-json\/wp\/v2\/users\/1"}],"replies":[{"embeddable":true,"href":"https:\/\/rock-group.co.uk\/de\/wp-json\/wp\/v2\/comments?post=12073"}],"version-history":[{"count":3,"href":"https:\/\/rock-group.co.uk\/de\/wp-json\/wp\/v2\/pages\/12073\/revisions"}],"predecessor-version":[{"id":12879,"href":"https:\/\/rock-group.co.uk\/de\/wp-json\/wp\/v2\/pages\/12073\/revisions\/12879"}],"wp:attachment":[{"href":"https:\/\/rock-group.co.uk\/de\/wp-json\/wp\/v2\/media?parent=12073"}],"curies":[{"name":"wp","href":"https:\/\/api.w.org\/{rel}","templated":true}]}}