{"id":12034,"date":"2025-09-05T11:50:36","date_gmt":"2025-09-05T11:50:36","guid":{"rendered":"https:\/\/rock-group.co.uk\/teammitglied\/"},"modified":"2026-01-22T09:11:19","modified_gmt":"2026-01-22T09:11:19","slug":"teammitglied","status":"publish","type":"page","link":"https:\/\/rock-group.co.uk\/de\/teammitglied\/","title":{"rendered":"Teammitglied"},"content":{"rendered":"\t\t<div data-elementor-type=\"wp-page\" data-elementor-id=\"12034\" class=\"elementor elementor-12034 elementor-189\" data-elementor-post-type=\"page\">\n\t\t\t\t<div class=\"elementor-element elementor-element-94a63ab e-flex e-con-boxed e-con e-parent\" data-id=\"94a63ab\" data-element_type=\"container\" data-settings=\"{&quot;background_background&quot;:&quot;classic&quot;}\">\n\t\t\t\t\t<div class=\"e-con-inner\">\n\t\t\t\t<div class=\"elementor-element elementor-element-63bbd79 elementor-invisible elementor-widget elementor-widget-heading\" data-id=\"63bbd79\" data-element_type=\"widget\" data-settings=\"{&quot;_animation&quot;:&quot;fadeInUp&quot;}\" data-widget_type=\"heading.default\">\n\t\t\t\t\t<h1 class=\"elementor-heading-title elementor-size-default\">Experten f\u00fcr Schiene, Stra\u00dfe und Investitionen<\/h1>\t\t\t\t<\/div>\n\t\t\t\t<div class=\"elementor-element elementor-element-a8139b9 elementor-widget__width-initial elementor-widget-mobile__width-inherit elementor-invisible elementor-widget elementor-widget-text-editor\" data-id=\"a8139b9\" data-element_type=\"widget\" data-settings=\"{&quot;_animation&quot;:&quot;fadeInUp&quot;}\" data-widget_type=\"text-editor.default\">\n\t\t\t\t\t\t\t\t\t<p>Unsere Mitarbeiter stehen im Mittelpunkt unseres Handelns. Unser Team besteht aus erfahrenen Originatoren, Asset Managern und Finanzexperten mit umfassender Erfahrung in der Eisenbahnbranche und Finanzierung. Wir arbeiten mit unseren externen Partnern zusammen, um erfolgreiche, wertsteigernde Finanzierungs- und Asset-Management-L\u00f6sungen zu entwickeln.  <\/p>\t\t\t\t\t\t\t\t<\/div>\n\t\t\t\t\t<\/div>\n\t\t\t\t<\/div>\n\t\t<div class=\"elementor-element elementor-element-6bd110f e-con-full after-before-shadow e-flex e-con e-parent\" data-id=\"6bd110f\" data-element_type=\"container\" data-settings=\"{&quot;background_background&quot;:&quot;classic&quot;}\">\n\t\t\t\t<div class=\"elementor-element elementor-element-04baeae elementor-widget elementor-widget-marquee_widget\" data-id=\"04baeae\" data-element_type=\"widget\" data-widget_type=\"marquee_widget.default\">\n\t\t\t\t<div class=\"elementor-widget-container\">\n\t\t\t\t\t\n<style>\n    .marquee-container {\n        width: 100%;\n        overflow: hidden;\n        position: relative;\n        white-space: nowrap;\n\n                -webkit-mask-image: linear-gradient(\n            to right,\n            transparent,\n            rgba(255,255,255,1) 80px,\n            rgba(255,255,255,1) calc(100% - 80px),\n            transparent\n        );\n        mask-image: linear-gradient(\n            to right,\n            transparent,\n            rgba(255,255,255,1) 80px,\n            rgba(255,255,255,1) calc(100% - 80px),\n            transparent\n        );\n            }\n\n    .marquee-track {\n        display: inline-flex;\n        white-space: nowrap;\n        will-change: transform;\n        animation: marqueeAnim linear infinite;\n    }\n\n    @keyframes marqueeAnim {\n        0%   { transform: translateX(0); }\n        100% { transform: translateX(-50%); }\n    }\n<\/style>\n\n\n<div class=\"marquee-container\">\n    <div class=\"marquee-track\"\n        style=\"animation-duration: 100s; animation-direction: normal;\">\n\n        <div class=\"marquee-content\">            <span>\n                <strong>M\u00e4rz 2011<\/strong> \u2013 Mark Swindell gr\u00fcndet <strong>Rock Infrastructure<\/strong>.            <\/span>\n                    <span>\n                <strong>September 2011<\/strong> \u2013 Matt Allen tritt Mark als Partner bei.            <\/span>\n                    <span>\n                <strong>August 2012<\/strong> \u2013 Der neue Partner Nick English verst\u00e4rkt das Team.            <\/span>\n                    <span>\n                <strong>Oktober 2014<\/strong> \u2013 \u201eRock &amp; Rolling Stock\u201c \u2013 Mark Swindell gr\u00fcndet <strong>Rock Rail<\/strong>            <\/span>\n                    <span>\n                <strong>Dezember 2016<\/strong> \u2013 Der im britischen Infrastrukturbereich erfahrene Experte Trevor Sturmy st\u00f6\u00dft zum Team.            <\/span>\n                    <span>\n                <strong>Januar 2017<\/strong> \u2013 Nick Watson tritt dem Unternehmen bei und bringt umfangreiche Expertise im Bereich Schienenfahrzeuge mit.            <\/span>\n                    <span>\n                <strong>September 2017<\/strong> \u2013 Verst\u00e4rkung des Vertriebsteams \u2013 James Herriott kommt von Stagecoach.            <\/span>\n                    <span>\n                <strong>November 2017<\/strong> \u2013 Der \u201eEisenbahnexperte\u201c Steve Dodd verst\u00e4rkt Rock und bringt \u00fcber 25 Jahre Erfahrung im Eisenbahnsektor mit.            <\/span>\n                    <span>\n                <strong>Dezember 2018<\/strong> \u2013 Wir freuen uns, unseren ersten Chief Operating Officer \u2013 Mike Kean \u2013 begr\u00fc\u00dfen zu d\u00fcrfen.            <\/span>\n                    <span>\n                <strong>Januar 2019<\/strong> \u2013 Der Experte f\u00fcr Arbeitssicherheit im Eisenbahnwesen, George Bearfield, wechselt von RSSB zu uns.            <\/span>\n                    <span>\n                <strong>Dezember 2019<\/strong> \u2013 Die neue kaufm\u00e4nnische Leiterin, Jenny Smith, tritt dem Verm\u00f6gensverwaltungsteam bei.            <\/span>\n                    <span>\n                <strong>Juni 2024<\/strong> \u2013 Charles Johnson-Ferguson tritt als Finanzvorstand bei.            <\/span>\n        <\/div>\n        <div class=\"marquee-content\">            <span>\n                <strong>M\u00e4rz 2011<\/strong> \u2013 Mark Swindell gr\u00fcndet <strong>Rock Infrastructure<\/strong>.            <\/span>\n                    <span>\n                <strong>September 2011<\/strong> \u2013 Matt Allen tritt Mark als Partner bei.            <\/span>\n                    <span>\n                <strong>August 2012<\/strong> \u2013 Der neue Partner Nick English verst\u00e4rkt das Team.            <\/span>\n                    <span>\n                <strong>Oktober 2014<\/strong> \u2013 \u201eRock &amp; Rolling Stock\u201c \u2013 Mark Swindell gr\u00fcndet <strong>Rock Rail<\/strong>            <\/span>\n                    <span>\n                <strong>Dezember 2016<\/strong> \u2013 Der im britischen Infrastrukturbereich erfahrene Experte Trevor Sturmy st\u00f6\u00dft zum Team.            <\/span>\n                    <span>\n                <strong>Januar 2017<\/strong> \u2013 Nick Watson tritt dem Unternehmen bei und bringt umfangreiche Expertise im Bereich Schienenfahrzeuge mit.            <\/span>\n                    <span>\n                <strong>September 2017<\/strong> \u2013 Verst\u00e4rkung des Vertriebsteams \u2013 James Herriott kommt von Stagecoach.            <\/span>\n                    <span>\n                <strong>November 2017<\/strong> \u2013 Der \u201eEisenbahnexperte\u201c Steve Dodd verst\u00e4rkt Rock und bringt \u00fcber 25 Jahre Erfahrung im Eisenbahnsektor mit.            <\/span>\n                    <span>\n                <strong>Dezember 2018<\/strong> \u2013 Wir freuen uns, unseren ersten Chief Operating Officer \u2013 Mike Kean \u2013 begr\u00fc\u00dfen zu d\u00fcrfen.            <\/span>\n                    <span>\n                <strong>Januar 2019<\/strong> \u2013 Der Experte f\u00fcr Arbeitssicherheit im Eisenbahnwesen, George Bearfield, wechselt von RSSB zu uns.            <\/span>\n                    <span>\n                <strong>Dezember 2019<\/strong> \u2013 Die neue kaufm\u00e4nnische Leiterin, Jenny Smith, tritt dem Verm\u00f6gensverwaltungsteam bei.            <\/span>\n                    <span>\n                <strong>Juni 2024<\/strong> \u2013 Charles Johnson-Ferguson tritt als Finanzvorstand bei.            <\/span>\n        <\/div>\n\n    <\/div>\n<\/div>\n\n\t\t\t\t<\/div>\n\t\t\t\t<\/div>\n\t\t\t\t<\/div>\n\t\t<div class=\"elementor-element elementor-element-90acaf8 e-flex e-con-boxed e-con e-parent\" data-id=\"90acaf8\" data-element_type=\"container\">\n\t\t\t\t\t<div class=\"e-con-inner\">\n\t\t\t\t<div class=\"elementor-element elementor-element-dc7801d elementor-widget elementor-widget-shortcode\" data-id=\"dc7801d\" data-element_type=\"widget\" data-widget_type=\"shortcode.default\">\n\t\t\t\t\t\t\t<div class=\"elementor-shortcode\"><div class='category-post-wrapper'><div class='category-wrapper'><div class='flex-1'><select class='marketcat-filter' name='filter_by_markets'><option class='category_name wow fadeInUp' value='0' disabled>Markets<\/option><option class='category_name wow fadeInUp' value='19'>Germany (Rail)<\/option><option class='category_name wow fadeInUp' value='22'>Rock Road<\/option><option class='category_name wow fadeInUp' value='18'>UK (Rail)<\/option><\/select><\/div><div class='flex-1'><select class='fleetcat-filter' name='filter_by_fleets'><option class='category_name wow fadeInUp' value='0' disabled>Fleets<\/option><option class='category_name wow fadeInUp' value='23'>East Anglia<\/option><option class='category_name wow fadeInUp' value='24'>East Midlands<\/option><option class='category_name wow fadeInUp' value='70'>ENORM<\/option><option class='category_name wow fadeInUp' value='28'>Main-Weser<\/option><option class='category_name wow fadeInUp' value='71'>MAN<\/option><option class='category_name wow fadeInUp' value='29'>MDSB<\/option><option class='category_name wow fadeInUp' value='25'>Moorgate<\/option><option class='category_name wow fadeInUp' value='26'>South Western<\/option><option class='category_name wow fadeInUp' value='69'>Stuttgart<\/option><option class='category_name wow fadeInUp' value='27'>West Coast<\/option><\/select><\/div><\/div><div class='rest_team_filter' style='display:none;'><p>Filter zur\u00fccksetzen<\/p><\/div><div class=\"loader\"><\/div><div id='team-list-container' class='filter-post-container'><\/div><\/div><\/div>\n\t\t\t\t\t\t<\/div>\n\t\t\t\t<div class=\"elementor-element elementor-element-1afb64a elementor-widget elementor-widget-shortcode\" data-id=\"1afb64a\" data-element_type=\"widget\" data-widget_type=\"shortcode.default\">\n\t\t\t\t\t\t\t<div class=\"elementor-shortcode\"><div class ='partners_section_wrapper'><h4>Regional and Country Partners<\/h4><div class='team-wrapper'><\/div><\/div>\n\t\t\t\t\t\t<\/div>\n\t\t\t\t\t<\/div>\n\t\t\t\t<\/div>\n\t\t<div class=\"elementor-element elementor-element-2c4dddb e-flex e-con-boxed e-con e-parent\" data-id=\"2c4dddb\" data-element_type=\"container\">\n\t\t\t\t\t<div class=\"e-con-inner\">\n\t\t\t\t\t<\/div>\n\t\t\t\t<\/div>\n\t\t\t\t<\/div>\n\t\t","protected":false},"excerpt":{"rendered":"<p>Experten f\u00fcr Schiene, Stra\u00dfe und Investitionen Unsere Mitarbeiter stehen im Mittelpunkt unseres Handelns. Unser Team besteht aus erfahrenen Originatoren, Asset Managern und Finanzexperten mit umfassender Erfahrung in der Eisenbahnbranche und Finanzierung. Wir arbeiten mit unseren externen Partnern zusammen, um erfolgreiche, wertsteigernde Finanzierungs- und Asset-Management-L\u00f6sungen zu entwickeln. M\u00e4rz 2011 \u2013 Mark Swindell gr\u00fcndet Rock Infrastructure. September [&hellip;]<\/p>\n","protected":false},"author":1,"featured_media":0,"parent":0,"menu_order":0,"comment_status":"closed","ping_status":"closed","template":"","meta":{"_acf_changed":false,"footnotes":""},"class_list":["post-12034","page","type-page","status-publish","hentry"],"acf":[],"_links":{"self":[{"href":"https:\/\/rock-group.co.uk\/de\/wp-json\/wp\/v2\/pages\/12034","targetHints":{"allow":["GET"]}}],"collection":[{"href":"https:\/\/rock-group.co.uk\/de\/wp-json\/wp\/v2\/pages"}],"about":[{"href":"https:\/\/rock-group.co.uk\/de\/wp-json\/wp\/v2\/types\/page"}],"author":[{"embeddable":true,"href":"https:\/\/rock-group.co.uk\/de\/wp-json\/wp\/v2\/users\/1"}],"replies":[{"embeddable":true,"href":"https:\/\/rock-group.co.uk\/de\/wp-json\/wp\/v2\/comments?post=12034"}],"version-history":[{"count":6,"href":"https:\/\/rock-group.co.uk\/de\/wp-json\/wp\/v2\/pages\/12034\/revisions"}],"predecessor-version":[{"id":12884,"href":"https:\/\/rock-group.co.uk\/de\/wp-json\/wp\/v2\/pages\/12034\/revisions\/12884"}],"wp:attachment":[{"href":"https:\/\/rock-group.co.uk\/de\/wp-json\/wp\/v2\/media?parent=12034"}],"curies":[{"name":"wp","href":"https:\/\/api.w.org\/{rel}","templated":true}]}}